{"id":357,"date":"2024-12-11T11:10:43","date_gmt":"2024-12-11T10:10:43","guid":{"rendered":"https:\/\/mapadecastells.cat\/proyectos\/"},"modified":"2025-07-28T17:37:58","modified_gmt":"2025-07-28T15:37:58","slug":"proyectos","status":"publish","type":"page","link":"https:\/\/mapadecastells.cat\/es\/proyectos\/","title":{"rendered":"Proyectos"},"content":{"rendered":"\n<h2 class=\"wp-block-heading has-text-align-center\" id=\"h-projectes-en-curs\">Proyectos en curso<\/h2>\n\n\n\n<div class=\"wp-block-group has-global-padding is-layout-constrained wp-block-group-is-layout-constrained\">\n<div class=\"wp-block-columns are-vertically-aligned-center is-layout-flex wp-container-core-columns-is-layout-28f84493 wp-block-columns-is-layout-flex\">\n<div class=\"wp-block-column is-vertically-aligned-center is-layout-flow wp-block-column-is-layout-flow\" style=\"flex-basis:15%\">\n<figure class=\"wp-block-image aligncenter size-full\"><img decoding=\"async\" src=\"https:\/\/mapadecastells.cat\/wp-content\/uploads\/2024\/11\/castell-gris.png\" alt=\"\" class=\"wp-image-258\"><\/figure>\n<\/div>\n\n\n\n<div class=\"wp-block-column is-vertically-aligned-center is-layout-flow wp-block-column-is-layout-flow\" style=\"flex-basis:85%\">\n<p class=\"has-text-align-center\">Actualmente a\u00f1adiendo los castillos desaparecidos de Catalu\u00f1a<\/p>\n<\/div>\n<\/div>\n<\/div>\n\n\n\n<div class=\"wp-block-columns are-vertically-aligned-center is-layout-flex wp-container-core-columns-is-layout-28f84493 wp-block-columns-is-layout-flex\">\n<div class=\"wp-block-column is-vertically-aligned-center is-layout-flow wp-block-column-is-layout-flow\" style=\"flex-basis:76%\">\n<p>Creando un top 25 mejores castillos de Catalu\u00f1a<\/p>\n\n\n\n<p>Creando un top 25 mejores castillos de Arag\u00f3n<\/p>\n<\/div>\n\n\n\n<div class=\"wp-block-column is-vertically-aligned-center is-layout-flow wp-block-column-is-layout-flow\" style=\"flex-basis:24%\"><\/div>\n<\/div>\n\n\n\n<hr class=\"wp-block-separator has-alpha-channel-opacity\">\n\n\n\n<h2 class=\"wp-block-heading has-text-align-center\" id=\"h-projectes-futurs\">Proyectos futuros<\/h2>\n\n\n\n<div class=\"wp-block-columns is-layout-flex wp-container-core-columns-is-layout-28f84493 wp-block-columns-is-layout-flex\">\n<div class=\"wp-block-column is-layout-flow wp-block-column-is-layout-flow\" style=\"flex-basis:15%\">\n<figure class=\"wp-block-image aligncenter is-resized\"><img loading=\"lazy\" decoding=\"async\" width=\"72\" height=\"85\" src=\"https:\/\/mapadecastells.cat\/wp-content\/uploads\/2024\/12\/Neopatria.png\" alt=\"\" class=\"wp-image-159\" style=\"width:108px;height:auto\"><\/figure>\n<\/div>\n\n\n\n<div class=\"wp-block-column is-vertically-aligned-center is-layout-flow wp-block-column-is-layout-flow\" style=\"flex-basis:85%\">\n<p class=\"has-text-align-center\">A\u00f1adir todos los castillos de los Ducados de Atenas y Neopatria<\/p>\n<\/div>\n<\/div>\n\n\n\n<div class=\"wp-block-columns is-layout-flex wp-container-core-columns-is-layout-28f84493 wp-block-columns-is-layout-flex\">\n<div class=\"wp-block-column is-layout-flow wp-block-column-is-layout-flow\" style=\"flex-basis:15%\">\n<figure class=\"wp-block-image aligncenter is-resized\"><img loading=\"lazy\" decoding=\"async\" width=\"73\" height=\"86\" src=\"https:\/\/mapadecastells.cat\/wp-content\/uploads\/2024\/12\/4-barres.png\" alt=\"\" class=\"wp-image-160\" style=\"width:105px;height:auto\"><\/figure>\n<\/div>\n\n\n\n<div class=\"wp-block-column is-layout-flow wp-block-column-is-layout-flow\" style=\"flex-basis:85%\">\n<p class=\"has-text-align-center\">A\u00f1adir todos los castillos del Condado de Proven\u00e7a<\/p>\n<\/div>\n<\/div>\n\n\n\n<div class=\"wp-block-columns is-layout-flex wp-container-core-columns-is-layout-28f84493 wp-block-columns-is-layout-flex\">\n<div class=\"wp-block-column is-layout-flow wp-block-column-is-layout-flow\" style=\"flex-basis:15%\">\n<figure class=\"wp-block-image aligncenter is-resized\"><img loading=\"lazy\" decoding=\"async\" width=\"150\" height=\"179\" src=\"https:\/\/mapadecastells.cat\/wp-content\/uploads\/2024\/12\/montpellier.png\" alt=\"\" class=\"wp-image-154\" style=\"width:114px;height:auto\"><\/figure>\n<\/div>\n\n\n\n<div class=\"wp-block-column is-layout-flow wp-block-column-is-layout-flow\" style=\"flex-basis:85%\">\n<p class=\"has-text-align-center\">A\u00f1adir todos los castillos del Se\u00f1or\u00edo de Montpellier<\/p>\n<\/div>\n<\/div>\n\n\n\n<div class=\"wp-block-columns are-vertically-aligned-center is-layout-flex wp-container-core-columns-is-layout-28f84493 wp-block-columns-is-layout-flex\">\n<div class=\"wp-block-column is-vertically-aligned-center is-layout-flow wp-block-column-is-layout-flow\" style=\"flex-basis:15%\">\n<figure class=\"wp-block-image aligncenter is-resized\"><img loading=\"lazy\" decoding=\"async\" width=\"989\" height=\"1024\" src=\"https:\/\/mapadecastells.cat\/wp-content\/uploads\/2024\/12\/barco-1-989x1024.png\" alt=\"\" class=\"wp-image-153\" style=\"width:142px;height:auto\" srcset=\"https:\/\/mapadecastells.cat\/wp-content\/uploads\/2024\/12\/barco-1-989x1024.png 989w, https:\/\/mapadecastells.cat\/wp-content\/uploads\/2024\/12\/barco-1-290x300.png 290w, https:\/\/mapadecastells.cat\/wp-content\/uploads\/2024\/12\/barco-1-768x796.png 768w, https:\/\/mapadecastells.cat\/wp-content\/uploads\/2024\/12\/barco-1-1483x1536.png 1483w, https:\/\/mapadecastells.cat\/wp-content\/uploads\/2024\/12\/barco-1-1977x2048.png 1977w\" sizes=\"auto, (max-width: 989px) 100vw, 989px\" \/><\/figure>\n<\/div>\n\n\n\n<div class=\"wp-block-column is-vertically-aligned-center is-layout-flow wp-block-column-is-layout-flow\" style=\"flex-basis:85%\">\n<p class=\"has-text-align-center\">A\u00f1adir los Consulados del Mar<\/p>\n<\/div>\n<\/div>\n","protected":false},"excerpt":{"rendered":"<p>Proyectos en curso Actualmente a\u00f1adiendo los castillos desaparecidos de Catalu\u00f1a Creando un top 25 mejores castillos de Catalu\u00f1a Creando un top 25 mejores castillos de Arag\u00f3n Proyectos futuros A\u00f1adir todos los castillos de los Ducados de Atenas y Neopatria A\u00f1adir todos los castillos del Condado de Proven\u00e7a A\u00f1adir todos los castillos del Se\u00f1or\u00edo de Montpellier [&hellip;]<\/p>\n","protected":false},"author":1,"featured_media":0,"parent":0,"menu_order":0,"comment_status":"closed","ping_status":"closed","template":"","meta":{"om_disable_all_campaigns":false,"footnotes":""},"class_list":["post-357","page","type-page","status-publish","hentry"],"yoast_head":"<!-- This site is optimized with the Yoast SEO Premium plugin v23.9 (Yoast SEO v27.2) - https:\/\/yoast.com\/product\/yoast-seo-premium-wordpress\/ -->\n<title>Proyectos - Mapa de castells<\/title>\n<meta name=\"robots\" content=\"index, follow, max-snippet:-1, max-image-preview:large, max-video-preview:-1\" \/>\n<link rel=\"canonical\" href=\"https:\/\/mapadecastells.cat\/es\/proyectos\/\" \/>\n<meta property=\"og:locale\" content=\"es_ES\" \/>\n<meta property=\"og:type\" content=\"article\" \/>\n<meta property=\"og:title\" content=\"Proyectos\" \/>\n<meta property=\"og:description\" content=\"Proyectos en curso Actualmente a\u00f1adiendo los castillos desaparecidos de Catalu\u00f1a Creando un top 25 mejores castillos de Catalu\u00f1a Creando un top 25 mejores castillos de Arag\u00f3n Proyectos futuros A\u00f1adir todos los castillos de los Ducados de Atenas y Neopatria A\u00f1adir todos los castillos del Condado de Proven\u00e7a A\u00f1adir todos los castillos del Se\u00f1or\u00edo de Montpellier [&hellip;]\" \/>\n<meta property=\"og:url\" content=\"https:\/\/mapadecastells.cat\/es\/proyectos\/\" \/>\n<meta property=\"og:site_name\" content=\"Mapa de castells\" \/>\n<meta property=\"article:publisher\" content=\"https:\/\/www.facebook.com\/people\/Mapa-de-castells\/61568273141565\/\" \/>\n<meta property=\"article:modified_time\" content=\"2025-07-28T15:37:58+00:00\" \/>\n<meta property=\"og:image\" content=\"https:\/\/mapadecastells.cat\/wp-content\/uploads\/2025\/04\/ChatGPT-Image-22-abr-2025-15_50_37.png\" \/>\n\t<meta property=\"og:image:width\" content=\"1024\" \/>\n\t<meta property=\"og:image:height\" content=\"1024\" \/>\n\t<meta property=\"og:image:type\" content=\"image\/png\" \/>\n<meta name=\"twitter:card\" content=\"summary_large_image\" \/>\n<script type=\"application\/ld+json\" class=\"yoast-schema-graph\">{\"@context\":\"https:\/\/schema.org\",\"@graph\":[{\"@type\":\"WebPage\",\"@id\":\"https:\/\/mapadecastells.cat\/es\/proyectos\/\",\"url\":\"https:\/\/mapadecastells.cat\/es\/proyectos\/\",\"name\":\"Proyectos - Mapa de castells\",\"isPartOf\":{\"@id\":\"https:\/\/mapadecastells.cat\/#website\"},\"primaryImageOfPage\":{\"@id\":\"https:\/\/mapadecastells.cat\/es\/proyectos\/#primaryimage\"},\"image\":{\"@id\":\"https:\/\/mapadecastells.cat\/es\/proyectos\/#primaryimage\"},\"thumbnailUrl\":\"https:\/\/mapadecastells.cat\/wp-content\/uploads\/2024\/11\/castell-gris.png\",\"datePublished\":\"2024-12-11T10:10:43+00:00\",\"dateModified\":\"2025-07-28T15:37:58+00:00\",\"breadcrumb\":{\"@id\":\"https:\/\/mapadecastells.cat\/es\/proyectos\/#breadcrumb\"},\"inLanguage\":\"es\",\"potentialAction\":[{\"@type\":\"ReadAction\",\"target\":[\"https:\/\/mapadecastells.cat\/es\/proyectos\/\"]}]},{\"@type\":\"ImageObject\",\"inLanguage\":\"es\",\"@id\":\"https:\/\/mapadecastells.cat\/es\/proyectos\/#primaryimage\",\"url\":\"https:\/\/mapadecastells.cat\/wp-content\/uploads\/2024\/11\/castell-gris.png\",\"contentUrl\":\"https:\/\/mapadecastells.cat\/wp-content\/uploads\/2024\/11\/castell-gris.png\"},{\"@type\":\"BreadcrumbList\",\"@id\":\"https:\/\/mapadecastells.cat\/es\/proyectos\/#breadcrumb\",\"itemListElement\":[{\"@type\":\"ListItem\",\"position\":1,\"name\":\"Home\",\"item\":\"https:\/\/mapadecastells.cat\/\"},{\"@type\":\"ListItem\",\"position\":2,\"name\":\"Proyectos\"}]},{\"@type\":\"WebSite\",\"@id\":\"https:\/\/mapadecastells.cat\/#website\",\"url\":\"https:\/\/mapadecastells.cat\/\",\"name\":\"Mapa de castells\",\"description\":\"El mapa de la Corona d&#039;Arag\u00f3\",\"publisher\":{\"@id\":\"https:\/\/mapadecastells.cat\/#organization\"},\"potentialAction\":[{\"@type\":\"SearchAction\",\"target\":{\"@type\":\"EntryPoint\",\"urlTemplate\":\"https:\/\/mapadecastells.cat\/?s={search_term_string}\"},\"query-input\":{\"@type\":\"PropertyValueSpecification\",\"valueRequired\":true,\"valueName\":\"search_term_string\"}}],\"inLanguage\":\"es\"},{\"@type\":\"Organization\",\"@id\":\"https:\/\/mapadecastells.cat\/#organization\",\"name\":\"Mapa de castells\",\"url\":\"https:\/\/mapadecastells.cat\/\",\"logo\":{\"@type\":\"ImageObject\",\"inLanguage\":\"es\",\"@id\":\"https:\/\/mapadecastells.cat\/#\/schema\/logo\/image\/\",\"url\":\"https:\/\/mapadecastells.cat\/wp-content\/uploads\/2024\/11\/logo-castell-super-millorat.png\",\"contentUrl\":\"https:\/\/mapadecastells.cat\/wp-content\/uploads\/2024\/11\/logo-castell-super-millorat.png\",\"width\":1222,\"height\":1222,\"caption\":\"Mapa de castells\"},\"image\":{\"@id\":\"https:\/\/mapadecastells.cat\/#\/schema\/logo\/image\/\"},\"sameAs\":[\"https:\/\/www.facebook.com\/people\/Mapa-de-castells\/61568273141565\/\",\"https:\/\/www.instagram.com\/mapadecastells\/\"],\"numberOfEmployees\":{\"@type\":\"QuantitativeValue\",\"minValue\":\"1\",\"maxValue\":\"10\"},\"ownershipFundingInfo\":\"https:\/\/mapadecastells.cat\/sobre-mi\/\"}]}<\/script>\n<!-- \/ Yoast SEO Premium plugin. -->","yoast_head_json":{"title":"Proyectos - Mapa de castells","robots":{"index":"index","follow":"follow","max-snippet":"max-snippet:-1","max-image-preview":"max-image-preview:large","max-video-preview":"max-video-preview:-1"},"canonical":"https:\/\/mapadecastells.cat\/es\/proyectos\/","og_locale":"es_ES","og_type":"article","og_title":"Proyectos","og_description":"Proyectos en curso Actualmente a\u00f1adiendo los castillos desaparecidos de Catalu\u00f1a Creando un top 25 mejores castillos de Catalu\u00f1a Creando un top 25 mejores castillos de Arag\u00f3n Proyectos futuros A\u00f1adir todos los castillos de los Ducados de Atenas y Neopatria A\u00f1adir todos los castillos del Condado de Proven\u00e7a A\u00f1adir todos los castillos del Se\u00f1or\u00edo de Montpellier [&hellip;]","og_url":"https:\/\/mapadecastells.cat\/es\/proyectos\/","og_site_name":"Mapa de castells","article_publisher":"https:\/\/www.facebook.com\/people\/Mapa-de-castells\/61568273141565\/","article_modified_time":"2025-07-28T15:37:58+00:00","og_image":[{"width":1024,"height":1024,"url":"https:\/\/mapadecastells.cat\/wp-content\/uploads\/2025\/04\/ChatGPT-Image-22-abr-2025-15_50_37.png","type":"image\/png"}],"twitter_card":"summary_large_image","schema":{"@context":"https:\/\/schema.org","@graph":[{"@type":"WebPage","@id":"https:\/\/mapadecastells.cat\/es\/proyectos\/","url":"https:\/\/mapadecastells.cat\/es\/proyectos\/","name":"Proyectos - Mapa de castells","isPartOf":{"@id":"https:\/\/mapadecastells.cat\/#website"},"primaryImageOfPage":{"@id":"https:\/\/mapadecastells.cat\/es\/proyectos\/#primaryimage"},"image":{"@id":"https:\/\/mapadecastells.cat\/es\/proyectos\/#primaryimage"},"thumbnailUrl":"https:\/\/mapadecastells.cat\/wp-content\/uploads\/2024\/11\/castell-gris.png","datePublished":"2024-12-11T10:10:43+00:00","dateModified":"2025-07-28T15:37:58+00:00","breadcrumb":{"@id":"https:\/\/mapadecastells.cat\/es\/proyectos\/#breadcrumb"},"inLanguage":"es","potentialAction":[{"@type":"ReadAction","target":["https:\/\/mapadecastells.cat\/es\/proyectos\/"]}]},{"@type":"ImageObject","inLanguage":"es","@id":"https:\/\/mapadecastells.cat\/es\/proyectos\/#primaryimage","url":"https:\/\/mapadecastells.cat\/wp-content\/uploads\/2024\/11\/castell-gris.png","contentUrl":"https:\/\/mapadecastells.cat\/wp-content\/uploads\/2024\/11\/castell-gris.png"},{"@type":"BreadcrumbList","@id":"https:\/\/mapadecastells.cat\/es\/proyectos\/#breadcrumb","itemListElement":[{"@type":"ListItem","position":1,"name":"Home","item":"https:\/\/mapadecastells.cat\/"},{"@type":"ListItem","position":2,"name":"Proyectos"}]},{"@type":"WebSite","@id":"https:\/\/mapadecastells.cat\/#website","url":"https:\/\/mapadecastells.cat\/","name":"Mapa de castells","description":"El mapa de la Corona d&#039;Arag\u00f3","publisher":{"@id":"https:\/\/mapadecastells.cat\/#organization"},"potentialAction":[{"@type":"SearchAction","target":{"@type":"EntryPoint","urlTemplate":"https:\/\/mapadecastells.cat\/?s={search_term_string}"},"query-input":{"@type":"PropertyValueSpecification","valueRequired":true,"valueName":"search_term_string"}}],"inLanguage":"es"},{"@type":"Organization","@id":"https:\/\/mapadecastells.cat\/#organization","name":"Mapa de castells","url":"https:\/\/mapadecastells.cat\/","logo":{"@type":"ImageObject","inLanguage":"es","@id":"https:\/\/mapadecastells.cat\/#\/schema\/logo\/image\/","url":"https:\/\/mapadecastells.cat\/wp-content\/uploads\/2024\/11\/logo-castell-super-millorat.png","contentUrl":"https:\/\/mapadecastells.cat\/wp-content\/uploads\/2024\/11\/logo-castell-super-millorat.png","width":1222,"height":1222,"caption":"Mapa de castells"},"image":{"@id":"https:\/\/mapadecastells.cat\/#\/schema\/logo\/image\/"},"sameAs":["https:\/\/www.facebook.com\/people\/Mapa-de-castells\/61568273141565\/","https:\/\/www.instagram.com\/mapadecastells\/"],"numberOfEmployees":{"@type":"QuantitativeValue","minValue":"1","maxValue":"10"},"ownershipFundingInfo":"https:\/\/mapadecastells.cat\/sobre-mi\/"}]}},"jetpack_sharing_enabled":true,"_links":{"self":[{"href":"https:\/\/mapadecastells.cat\/es\/wp-json\/wp\/v2\/pages\/357","targetHints":{"allow":["GET"]}}],"collection":[{"href":"https:\/\/mapadecastells.cat\/es\/wp-json\/wp\/v2\/pages"}],"about":[{"href":"https:\/\/mapadecastells.cat\/es\/wp-json\/wp\/v2\/types\/page"}],"author":[{"embeddable":true,"href":"https:\/\/mapadecastells.cat\/es\/wp-json\/wp\/v2\/users\/1"}],"replies":[{"embeddable":true,"href":"https:\/\/mapadecastells.cat\/es\/wp-json\/wp\/v2\/comments?post=357"}],"version-history":[{"count":1,"href":"https:\/\/mapadecastells.cat\/es\/wp-json\/wp\/v2\/pages\/357\/revisions"}],"predecessor-version":[{"id":454,"href":"https:\/\/mapadecastells.cat\/es\/wp-json\/wp\/v2\/pages\/357\/revisions\/454"}],"wp:attachment":[{"href":"https:\/\/mapadecastells.cat\/es\/wp-json\/wp\/v2\/media?parent=357"}],"curies":[{"name":"wp","href":"https:\/\/api.w.org\/{rel}","templated":true}]}}