{"id":359,"date":"2024-11-12T15:40:02","date_gmt":"2024-11-12T14:40:02","guid":{"rendered":"https:\/\/mapadecastells.cat\/sobre-mi\/"},"modified":"2024-11-12T15:40:02","modified_gmt":"2024-11-12T14:40:02","slug":"sobre-mi","status":"publish","type":"page","link":"https:\/\/mapadecastells.cat\/es\/sobre-mi\/","title":{"rendered":"Sobre mi"},"content":{"rendered":"\n<p>Soy \u00c0ngel Garcia Vitores, vecino de Vilafranca del Pened\u00e8s.<\/p>\n\n\n\n<p>He estado trabajando en este mapa con la <strong>ubicaci\u00f3n de los castillos medievales<\/strong> de la corona <strong>catalano-aragonesa,<\/strong> desde la <strong>\u00e9poca carolingia<\/strong> hasta terminar el siglo <strong>XV.<\/strong> Me animo a compartirlo con el objetivo de <strong>hacer difusi\u00f3n y dar a conocer el patrimonio hist\u00f3rico del territorio.<\/strong> El mapa resulta \u00fatil porque es una herramienta interesante para <strong>descubrir castillos y trazar rutas.<\/strong><\/p>\n\n\n\n<p>El mapa est\u00e1 construido por <strong>capas,<\/strong> en la aplicaci\u00f3n \u00abMapas de Google Drive\u00bb, y desde el m\u00f3vil se puede abrir con <strong>la aplicaci\u00f3n Google Maps.<\/strong> Cada castillo tiene un s\u00edmbolo y color que se recoge en la <strong>leyenda.<\/strong> Otros elementos que se pueden encontrar son: principales v\u00edas de comunicaci\u00f3n (caminos), capitales de los condados y reinos&#8230;<\/p>\n\n\n\n<p>Es importante decir que, como proyecto personal que realizo desde hace casi dos a\u00f1os, el mapa est\u00e1 en constante mejora y revisi\u00f3n. Las <strong>fuentes<\/strong> bibliogr\u00e1ficas se publican en la p\u00e1gina web.<\/p>\n\n\n\n<p>Acerca de los <strong>or\u00edgenes de este proyecto:<\/strong> todo empez\u00f3 porque trabajo en el sector del Transporte y la Log\u00edstica. A menudo me preguntaba cu\u00e1les eran las <strong>rutas terrestres de comercio dentro del territorio catal\u00e1n a la Edad Media,<\/strong> y busqu\u00e9 informaci\u00f3n sobre los caminos medievales.&nbsp;<\/p>\n\n\n\n<p>R\u00e1pidamente vi que <strong>alrededor de estas rutas siempre hab\u00eda alg\u00fan castillo,<\/strong> as\u00ed que lo puse todo sobre un mapa para poder ir a visitarlos. Poco a poco he ido ampliando hasta incorporar los reinos <strong>de Arag\u00f3n, Cerde\u00f1a, Mallorca y Valencia,<\/strong> entre otros. En un futuro, me gustar\u00eda incorporar los reinos de <strong>Sicilia y N\u00e1poles.<\/strong> <\/p>\n\n\n\n<p>Estoy abierto a sugerencias, y sobre todo a informaci\u00f3n de castells que puedan faltar.<\/p>\n","protected":false},"excerpt":{"rendered":"<p>Soy \u00c0ngel Garcia Vitores, vecino de Vilafranca del Pened\u00e8s. He estado trabajando en este mapa con la ubicaci\u00f3n de los castillos medievales de la corona catalano-aragonesa, desde la \u00e9poca carolingia hasta terminar el siglo XV. Me animo a compartirlo con el objetivo de hacer difusi\u00f3n y dar a conocer el patrimonio hist\u00f3rico del territorio. El [&hellip;]<\/p>\n","protected":false},"author":1,"featured_media":293,"parent":0,"menu_order":0,"comment_status":"closed","ping_status":"closed","template":"","meta":{"om_disable_all_campaigns":false,"footnotes":""},"class_list":["post-359","page","type-page","status-publish","has-post-thumbnail","hentry"],"yoast_head":"<!-- This site is optimized with the Yoast SEO Premium plugin v23.9 (Yoast SEO v27.2) - https:\/\/yoast.com\/product\/yoast-seo-premium-wordpress\/ -->\n<title>Sobre mi - Mapa de castells<\/title>\n<meta name=\"description\" content=\"Soy \u00c0ngel Garcia Vitores. He estado trabajando en este mapa con la ubicaci\u00f3n de los castillos medievales de la corona catalanoaragonesa.\" \/>\n<meta name=\"robots\" content=\"index, follow, max-snippet:-1, max-image-preview:large, max-video-preview:-1\" \/>\n<link rel=\"canonical\" href=\"https:\/\/mapadecastells.cat\/es\/sobre-mi\/\" \/>\n<meta property=\"og:locale\" content=\"es_ES\" \/>\n<meta property=\"og:type\" content=\"article\" \/>\n<meta property=\"og:title\" content=\"Sobre mi\" \/>\n<meta property=\"og:description\" content=\"Soy \u00c0ngel Garcia Vitores. He estado trabajando en este mapa con la ubicaci\u00f3n de los castillos medievales de la corona catalanoaragonesa.\" \/>\n<meta property=\"og:url\" content=\"https:\/\/mapadecastells.cat\/es\/sobre-mi\/\" \/>\n<meta property=\"og:site_name\" content=\"Mapa de castells\" \/>\n<meta property=\"article:publisher\" content=\"https:\/\/www.facebook.com\/people\/Mapa-de-castells\/61568273141565\/\" \/>\n<meta property=\"og:image\" content=\"https:\/\/mapadecastells.cat\/wp-content\/uploads\/2024\/11\/270145639_10221951604682508_5234125270220410175_n.jpg\" \/>\n\t<meta property=\"og:image:width\" content=\"1440\" \/>\n\t<meta property=\"og:image:height\" content=\"1134\" \/>\n\t<meta property=\"og:image:type\" content=\"image\/jpeg\" \/>\n<meta name=\"twitter:card\" content=\"summary_large_image\" \/>\n<meta name=\"twitter:label1\" content=\"Tiempo de lectura\" \/>\n\t<meta name=\"twitter:data1\" content=\"1 minuto\" \/>\n<script type=\"application\/ld+json\" class=\"yoast-schema-graph\">{\"@context\":\"https:\/\/schema.org\",\"@graph\":[{\"@type\":\"WebPage\",\"@id\":\"https:\/\/mapadecastells.cat\/es\/sobre-mi\/\",\"url\":\"https:\/\/mapadecastells.cat\/es\/sobre-mi\/\",\"name\":\"Sobre mi - Mapa de castells\",\"isPartOf\":{\"@id\":\"https:\/\/mapadecastells.cat\/#website\"},\"primaryImageOfPage\":{\"@id\":\"https:\/\/mapadecastells.cat\/es\/sobre-mi\/#primaryimage\"},\"image\":{\"@id\":\"https:\/\/mapadecastells.cat\/es\/sobre-mi\/#primaryimage\"},\"thumbnailUrl\":\"https:\/\/mapadecastells.cat\/wp-content\/uploads\/2024\/11\/270145639_10221951604682508_5234125270220410175_n.jpg\",\"datePublished\":\"2024-11-12T14:40:02+00:00\",\"description\":\"Soy \u00c0ngel Garcia Vitores. He estado trabajando en este mapa con la ubicaci\u00f3n de los castillos medievales de la corona catalanoaragonesa.\",\"breadcrumb\":{\"@id\":\"https:\/\/mapadecastells.cat\/es\/sobre-mi\/#breadcrumb\"},\"inLanguage\":\"es\",\"potentialAction\":[{\"@type\":\"ReadAction\",\"target\":[\"https:\/\/mapadecastells.cat\/es\/sobre-mi\/\"]}]},{\"@type\":\"ImageObject\",\"inLanguage\":\"es\",\"@id\":\"https:\/\/mapadecastells.cat\/es\/sobre-mi\/#primaryimage\",\"url\":\"https:\/\/mapadecastells.cat\/wp-content\/uploads\/2024\/11\/270145639_10221951604682508_5234125270220410175_n.jpg\",\"contentUrl\":\"https:\/\/mapadecastells.cat\/wp-content\/uploads\/2024\/11\/270145639_10221951604682508_5234125270220410175_n.jpg\",\"width\":1440,\"height\":1134},{\"@type\":\"BreadcrumbList\",\"@id\":\"https:\/\/mapadecastells.cat\/es\/sobre-mi\/#breadcrumb\",\"itemListElement\":[{\"@type\":\"ListItem\",\"position\":1,\"name\":\"Home\",\"item\":\"https:\/\/mapadecastells.cat\/\"},{\"@type\":\"ListItem\",\"position\":2,\"name\":\"Sobre mi\"}]},{\"@type\":\"WebSite\",\"@id\":\"https:\/\/mapadecastells.cat\/#website\",\"url\":\"https:\/\/mapadecastells.cat\/\",\"name\":\"Mapa de castells\",\"description\":\"El mapa de la Corona d&#039;Arag\u00f3\",\"publisher\":{\"@id\":\"https:\/\/mapadecastells.cat\/#organization\"},\"potentialAction\":[{\"@type\":\"SearchAction\",\"target\":{\"@type\":\"EntryPoint\",\"urlTemplate\":\"https:\/\/mapadecastells.cat\/?s={search_term_string}\"},\"query-input\":{\"@type\":\"PropertyValueSpecification\",\"valueRequired\":true,\"valueName\":\"search_term_string\"}}],\"inLanguage\":\"es\"},{\"@type\":\"Organization\",\"@id\":\"https:\/\/mapadecastells.cat\/#organization\",\"name\":\"Mapa de castells\",\"url\":\"https:\/\/mapadecastells.cat\/\",\"logo\":{\"@type\":\"ImageObject\",\"inLanguage\":\"es\",\"@id\":\"https:\/\/mapadecastells.cat\/#\/schema\/logo\/image\/\",\"url\":\"https:\/\/mapadecastells.cat\/wp-content\/uploads\/2024\/11\/logo-castell-super-millorat.png\",\"contentUrl\":\"https:\/\/mapadecastells.cat\/wp-content\/uploads\/2024\/11\/logo-castell-super-millorat.png\",\"width\":1222,\"height\":1222,\"caption\":\"Mapa de castells\"},\"image\":{\"@id\":\"https:\/\/mapadecastells.cat\/#\/schema\/logo\/image\/\"},\"sameAs\":[\"https:\/\/www.facebook.com\/people\/Mapa-de-castells\/61568273141565\/\",\"https:\/\/www.instagram.com\/mapadecastells\/\"],\"numberOfEmployees\":{\"@type\":\"QuantitativeValue\",\"minValue\":\"1\",\"maxValue\":\"10\"},\"ownershipFundingInfo\":\"https:\/\/mapadecastells.cat\/sobre-mi\/\"}]}<\/script>\n<!-- \/ Yoast SEO Premium plugin. -->","yoast_head_json":{"title":"Sobre mi - Mapa de castells","description":"Soy \u00c0ngel Garcia Vitores. He estado trabajando en este mapa con la ubicaci\u00f3n de los castillos medievales de la corona catalanoaragonesa.","robots":{"index":"index","follow":"follow","max-snippet":"max-snippet:-1","max-image-preview":"max-image-preview:large","max-video-preview":"max-video-preview:-1"},"canonical":"https:\/\/mapadecastells.cat\/es\/sobre-mi\/","og_locale":"es_ES","og_type":"article","og_title":"Sobre mi","og_description":"Soy \u00c0ngel Garcia Vitores. He estado trabajando en este mapa con la ubicaci\u00f3n de los castillos medievales de la corona catalanoaragonesa.","og_url":"https:\/\/mapadecastells.cat\/es\/sobre-mi\/","og_site_name":"Mapa de castells","article_publisher":"https:\/\/www.facebook.com\/people\/Mapa-de-castells\/61568273141565\/","og_image":[{"width":1440,"height":1134,"url":"https:\/\/mapadecastells.cat\/wp-content\/uploads\/2024\/11\/270145639_10221951604682508_5234125270220410175_n.jpg","type":"image\/jpeg"}],"twitter_card":"summary_large_image","twitter_misc":{"Tiempo de lectura":"1 minuto"},"schema":{"@context":"https:\/\/schema.org","@graph":[{"@type":"WebPage","@id":"https:\/\/mapadecastells.cat\/es\/sobre-mi\/","url":"https:\/\/mapadecastells.cat\/es\/sobre-mi\/","name":"Sobre mi - Mapa de castells","isPartOf":{"@id":"https:\/\/mapadecastells.cat\/#website"},"primaryImageOfPage":{"@id":"https:\/\/mapadecastells.cat\/es\/sobre-mi\/#primaryimage"},"image":{"@id":"https:\/\/mapadecastells.cat\/es\/sobre-mi\/#primaryimage"},"thumbnailUrl":"https:\/\/mapadecastells.cat\/wp-content\/uploads\/2024\/11\/270145639_10221951604682508_5234125270220410175_n.jpg","datePublished":"2024-11-12T14:40:02+00:00","description":"Soy \u00c0ngel Garcia Vitores. He estado trabajando en este mapa con la ubicaci\u00f3n de los castillos medievales de la corona catalanoaragonesa.","breadcrumb":{"@id":"https:\/\/mapadecastells.cat\/es\/sobre-mi\/#breadcrumb"},"inLanguage":"es","potentialAction":[{"@type":"ReadAction","target":["https:\/\/mapadecastells.cat\/es\/sobre-mi\/"]}]},{"@type":"ImageObject","inLanguage":"es","@id":"https:\/\/mapadecastells.cat\/es\/sobre-mi\/#primaryimage","url":"https:\/\/mapadecastells.cat\/wp-content\/uploads\/2024\/11\/270145639_10221951604682508_5234125270220410175_n.jpg","contentUrl":"https:\/\/mapadecastells.cat\/wp-content\/uploads\/2024\/11\/270145639_10221951604682508_5234125270220410175_n.jpg","width":1440,"height":1134},{"@type":"BreadcrumbList","@id":"https:\/\/mapadecastells.cat\/es\/sobre-mi\/#breadcrumb","itemListElement":[{"@type":"ListItem","position":1,"name":"Home","item":"https:\/\/mapadecastells.cat\/"},{"@type":"ListItem","position":2,"name":"Sobre mi"}]},{"@type":"WebSite","@id":"https:\/\/mapadecastells.cat\/#website","url":"https:\/\/mapadecastells.cat\/","name":"Mapa de castells","description":"El mapa de la Corona d&#039;Arag\u00f3","publisher":{"@id":"https:\/\/mapadecastells.cat\/#organization"},"potentialAction":[{"@type":"SearchAction","target":{"@type":"EntryPoint","urlTemplate":"https:\/\/mapadecastells.cat\/?s={search_term_string}"},"query-input":{"@type":"PropertyValueSpecification","valueRequired":true,"valueName":"search_term_string"}}],"inLanguage":"es"},{"@type":"Organization","@id":"https:\/\/mapadecastells.cat\/#organization","name":"Mapa de castells","url":"https:\/\/mapadecastells.cat\/","logo":{"@type":"ImageObject","inLanguage":"es","@id":"https:\/\/mapadecastells.cat\/#\/schema\/logo\/image\/","url":"https:\/\/mapadecastells.cat\/wp-content\/uploads\/2024\/11\/logo-castell-super-millorat.png","contentUrl":"https:\/\/mapadecastells.cat\/wp-content\/uploads\/2024\/11\/logo-castell-super-millorat.png","width":1222,"height":1222,"caption":"Mapa de castells"},"image":{"@id":"https:\/\/mapadecastells.cat\/#\/schema\/logo\/image\/"},"sameAs":["https:\/\/www.facebook.com\/people\/Mapa-de-castells\/61568273141565\/","https:\/\/www.instagram.com\/mapadecastells\/"],"numberOfEmployees":{"@type":"QuantitativeValue","minValue":"1","maxValue":"10"},"ownershipFundingInfo":"https:\/\/mapadecastells.cat\/sobre-mi\/"}]}},"jetpack_sharing_enabled":true,"_links":{"self":[{"href":"https:\/\/mapadecastells.cat\/es\/wp-json\/wp\/v2\/pages\/359","targetHints":{"allow":["GET"]}}],"collection":[{"href":"https:\/\/mapadecastells.cat\/es\/wp-json\/wp\/v2\/pages"}],"about":[{"href":"https:\/\/mapadecastells.cat\/es\/wp-json\/wp\/v2\/types\/page"}],"author":[{"embeddable":true,"href":"https:\/\/mapadecastells.cat\/es\/wp-json\/wp\/v2\/users\/1"}],"replies":[{"embeddable":true,"href":"https:\/\/mapadecastells.cat\/es\/wp-json\/wp\/v2\/comments?post=359"}],"version-history":[{"count":0,"href":"https:\/\/mapadecastells.cat\/es\/wp-json\/wp\/v2\/pages\/359\/revisions"}],"wp:featuredmedia":[{"embeddable":true,"href":"https:\/\/mapadecastells.cat\/es\/wp-json\/wp\/v2\/media\/293"}],"wp:attachment":[{"href":"https:\/\/mapadecastells.cat\/es\/wp-json\/wp\/v2\/media?parent=359"}],"curies":[{"name":"wp","href":"https:\/\/api.w.org\/{rel}","templated":true}]}}